{"id":416,"date":"2020-06-16T10:01:25","date_gmt":"2020-06-16T08:01:25","guid":{"rendered":"http:\/\/stj-telecom.com\/?page_id=416"},"modified":"2020-06-16T10:01:25","modified_gmt":"2020-06-16T08:01:25","slug":"mentions-legales","status":"publish","type":"page","link":"https:\/\/stj-telecom.com\/index.php\/mentions-legales\/","title":{"rendered":"Mentions l\u00e9gales"},"content":{"rendered":"<p>stj-t\u00e9l\u00e9com.com<\/p>\n<p>16, Rue du Chateau Caen-D\u00e9mouville France<\/p>\n<p>09 70 71 83 00contact@stj-telecom.com<\/p>\n<p>Op\u00e9rateur Arcep n\u00b0 14-0340<\/p>\n<p>STJ SAS au capital de 5000 euros, , immatricul\u00e9e au RCS de Caen sous le n\u00b0795 206 523 00016<\/p>\n<p>Num\u00e9ro individuel d&rsquo;identification intracommunautaire TVA\u00a0 FR 29795206523<\/p>\n<p>&nbsp;<\/p>\n<p><strong>STJ t\u00e9l\u00e9com\u00a0<\/strong><\/p>\n<p>Op\u00e9rateur de voix sur ip pour les centre d&rsquo;appels<\/p>\n<p>&nbsp;<\/p>\n<p>&nbsp;<\/p>\n","protected":false},"excerpt":{"rendered":"<div class=\"slide-text-bg2\"><span>stj-t\u00e9l\u00e9com.com 16, Rue du Chateau Caen-D\u00e9mouville France 09 70 71 83 00contact@stj-telecom.com Op\u00e9rateur Arcep n\u00b0 14-0340 STJ SAS au capital de 5000 <\/span><\/div>\n<div class=\"slide-btn-area-sm\"><a href=\"https:\/\/stj-telecom.com\/index.php\/mentions-legales\/\" class=\"slide-btn-sm\">Lire la suite<\/a><\/div>\n","protected":false},"author":3,"featured_media":0,"parent":0,"menu_order":0,"comment_status":"closed","ping_status":"closed","template":"","meta":{"_mi_skip_tracking":false,"footnotes":""},"class_list":["post-416","page","type-page","status-publish","hentry"],"_links":{"self":[{"href":"https:\/\/stj-telecom.com\/index.php\/wp-json\/wp\/v2\/pages\/416","targetHints":{"allow":["GET"]}}],"collection":[{"href":"https:\/\/stj-telecom.com\/index.php\/wp-json\/wp\/v2\/pages"}],"about":[{"href":"https:\/\/stj-telecom.com\/index.php\/wp-json\/wp\/v2\/types\/page"}],"author":[{"embeddable":true,"href":"https:\/\/stj-telecom.com\/index.php\/wp-json\/wp\/v2\/users\/3"}],"replies":[{"embeddable":true,"href":"https:\/\/stj-telecom.com\/index.php\/wp-json\/wp\/v2\/comments?post=416"}],"version-history":[{"count":1,"href":"https:\/\/stj-telecom.com\/index.php\/wp-json\/wp\/v2\/pages\/416\/revisions"}],"predecessor-version":[{"id":417,"href":"https:\/\/stj-telecom.com\/index.php\/wp-json\/wp\/v2\/pages\/416\/revisions\/417"}],"wp:attachment":[{"href":"https:\/\/stj-telecom.com\/index.php\/wp-json\/wp\/v2\/media?parent=416"}],"curies":[{"name":"wp","href":"https:\/\/api.w.org\/{rel}","templated":true}]}}