{"id":359,"date":"2018-05-31T13:23:11","date_gmt":"2018-05-31T11:23:11","guid":{"rendered":"http:\/\/stj-telecom.com\/?page_id=359"},"modified":"2018-05-31T18:01:05","modified_gmt":"2018-05-31T16:01:05","slug":"nos-clients","status":"publish","type":"page","link":"https:\/\/stj-telecom.com\/index.php\/nos-clients\/","title":{"rendered":"Ils nous font confiance"},"content":{"rendered":"<h2>Vivez une exp\u00e9rience client optimale avec STJ t\u00e9l\u00e9com<\/h2>\n<p>STJ t\u00e9l\u00e9com nous privil\u00e9gions la qualit\u00e9 d&rsquo;\u00e9coute et r\u00e9pondons \u00e0 vos demandes pertinemment.<\/p>\n<p>Nous avons une client\u00e8le vari\u00e9e allant des centres d&rsquo;appels aux agences de voyages et nous vous apportons des solutions sur mesure de fa\u00e7on \u00e0 satisfaire vos besoins et vos attentes.<\/p>\n","protected":false},"excerpt":{"rendered":"<div class=\"slide-text-bg2\"><span>Vivez une exp\u00e9rience client optimale avec STJ t\u00e9l\u00e9com STJ t\u00e9l\u00e9com nous privil\u00e9gions la qualit\u00e9 d&rsquo;\u00e9coute et r\u00e9pondons \u00e0 vos demandes pertine<\/span><\/div>\n<div class=\"slide-btn-area-sm\"><a href=\"https:\/\/stj-telecom.com\/index.php\/nos-clients\/\" class=\"slide-btn-sm\">Lire la suite<\/a><\/div>\n","protected":false},"author":3,"featured_media":0,"parent":0,"menu_order":0,"comment_status":"closed","ping_status":"closed","template":"","meta":{"_mi_skip_tracking":false,"footnotes":""},"class_list":["post-359","page","type-page","status-publish","hentry"],"_links":{"self":[{"href":"https:\/\/stj-telecom.com\/index.php\/wp-json\/wp\/v2\/pages\/359","targetHints":{"allow":["GET"]}}],"collection":[{"href":"https:\/\/stj-telecom.com\/index.php\/wp-json\/wp\/v2\/pages"}],"about":[{"href":"https:\/\/stj-telecom.com\/index.php\/wp-json\/wp\/v2\/types\/page"}],"author":[{"embeddable":true,"href":"https:\/\/stj-telecom.com\/index.php\/wp-json\/wp\/v2\/users\/3"}],"replies":[{"embeddable":true,"href":"https:\/\/stj-telecom.com\/index.php\/wp-json\/wp\/v2\/comments?post=359"}],"version-history":[{"count":6,"href":"https:\/\/stj-telecom.com\/index.php\/wp-json\/wp\/v2\/pages\/359\/revisions"}],"predecessor-version":[{"id":395,"href":"https:\/\/stj-telecom.com\/index.php\/wp-json\/wp\/v2\/pages\/359\/revisions\/395"}],"wp:attachment":[{"href":"https:\/\/stj-telecom.com\/index.php\/wp-json\/wp\/v2\/media?parent=359"}],"curies":[{"name":"wp","href":"https:\/\/api.w.org\/{rel}","templated":true}]}}