{"id":352,"date":"2018-05-31T12:02:01","date_gmt":"2018-05-31T10:02:01","guid":{"rendered":"http:\/\/stj-telecom.com\/?page_id=352"},"modified":"2018-05-31T18:02:18","modified_gmt":"2018-05-31T16:02:18","slug":"notre-equipe","status":"publish","type":"page","link":"https:\/\/stj-telecom.com\/index.php\/notre-equipe\/","title":{"rendered":"Notre equipe"},"content":{"rendered":"<h2>Pr\u00e9sentation de l&rsquo;\u00e9quipe<\/h2>\n<p>L&rsquo;\u00e9quipe <strong>STJt\u00e9l\u00e9com<\/strong> est compos\u00e9e de profils aussi diff\u00e9rents que compl\u00e9mentaires, nos sp\u00e9cialiste de t\u00e9l\u00e9phonie sur ip partagent des valeurs communes :<\/p>\n<p>Ecoute, conseils,\u00a0 expertise, implication et dynamisme.<\/p>\n<p><strong>Nous serons \u00e0 votre \u00e9coute et nous interviendrons \u00e0 chaque \u00e9tape, afin de garantir le succ\u00e8s de votre communication VoIP.<\/strong><\/p>\n<p>&nbsp;<\/p>\n<p><strong>BEATRICE NOIR<\/strong><\/p>\n<p><strong>PRESIDENTE \/DIRECTRICE ADMINISTRATIF<\/strong><\/p>\n<p>&nbsp;<\/p>\n<p><strong>BENOIT CASSAM-CHENAI<\/strong><\/p>\n<p><strong>DIRECTEUR GENERAL\/DIRECTEUR TECHNIQUE TECHNIQUE\/CHEF DE PROJET<\/strong><\/p>\n<p>Pendant \u00a0l\u2019\u00e9laboration et le suivi de votre projet, Benoit sera votre interlocuteur privil\u00e9gi\u00e9. Il mettra debout votre projet\u00a0 en collaboration avec l\u2019\u00e9quipe technique et commerciale. Son expertise dans ce m\u00e9tier est \u00a0la cl\u00e9 principale et la garantit du succ\u00e8s pour votre projet.<\/p>\n<p>&nbsp;<\/p>\n<p><strong>LAETITIA<\/strong><\/p>\n<p><strong>COMMERCIALE<\/strong><\/p>\n<p>Votre commerciale sera \u00e0 l\u2019\u00e9coute de votre projet et de vos besoins Force de proposition, elle s\u2019aura vous proposer les meilleures solutions.<\/p>\n<p>&nbsp;<\/p>\n<p><strong>SHAMIR<\/strong><\/p>\n<p><strong>TECHNICIEN SUPPORT<\/strong><\/p>\n<p>La \u00a0mission principale de Shamir est la mise en place de votre projet mais aussi lors de la r\u00e9solution de probl\u00e8mes technique, il travaille en \u00e9troite collaboration avec les \u00e9quipes technique.<\/p>\n","protected":false},"excerpt":{"rendered":"<div class=\"slide-text-bg2\"><span>Pr\u00e9sentation de l&rsquo;\u00e9quipe L&rsquo;\u00e9quipe STJt\u00e9l\u00e9com est compos\u00e9e de profils aussi diff\u00e9rents que compl\u00e9mentaires, nos sp\u00e9cialiste de t\u00e9l\u00e9ph<\/span><\/div>\n<div class=\"slide-btn-area-sm\"><a href=\"https:\/\/stj-telecom.com\/index.php\/notre-equipe\/\" class=\"slide-btn-sm\">Lire la suite<\/a><\/div>\n","protected":false},"author":3,"featured_media":0,"parent":0,"menu_order":0,"comment_status":"closed","ping_status":"closed","template":"","meta":{"_mi_skip_tracking":false,"footnotes":""},"class_list":["post-352","page","type-page","status-publish","hentry"],"_links":{"self":[{"href":"https:\/\/stj-telecom.com\/index.php\/wp-json\/wp\/v2\/pages\/352","targetHints":{"allow":["GET"]}}],"collection":[{"href":"https:\/\/stj-telecom.com\/index.php\/wp-json\/wp\/v2\/pages"}],"about":[{"href":"https:\/\/stj-telecom.com\/index.php\/wp-json\/wp\/v2\/types\/page"}],"author":[{"embeddable":true,"href":"https:\/\/stj-telecom.com\/index.php\/wp-json\/wp\/v2\/users\/3"}],"replies":[{"embeddable":true,"href":"https:\/\/stj-telecom.com\/index.php\/wp-json\/wp\/v2\/comments?post=352"}],"version-history":[{"count":4,"href":"https:\/\/stj-telecom.com\/index.php\/wp-json\/wp\/v2\/pages\/352\/revisions"}],"predecessor-version":[{"id":397,"href":"https:\/\/stj-telecom.com\/index.php\/wp-json\/wp\/v2\/pages\/352\/revisions\/397"}],"wp:attachment":[{"href":"https:\/\/stj-telecom.com\/index.php\/wp-json\/wp\/v2\/media?parent=352"}],"curies":[{"name":"wp","href":"https:\/\/api.w.org\/{rel}","templated":true}]}}