{"id":28,"date":"2018-05-08T09:46:13","date_gmt":"2018-05-08T07:46:13","guid":{"rendered":"http:\/\/stj-telecom.com\/?page_id=28"},"modified":"2025-04-08T12:18:30","modified_gmt":"2025-04-08T10:18:30","slug":"nos-services","status":"publish","type":"page","link":"https:\/\/stj-telecom.com\/index.php\/nos-services\/","title":{"rendered":"Nos services"},"content":{"rendered":"<p>\u00a0<\/p>\n<h2>Votre\u00a0entreprise\u00a0est\u00a0amen\u00e9e\u00a0\u00e0\u00a0t\u00e9l\u00e9phoner\u00a0fr\u00e9quemment\u00a0vers\u00a0l\u2019international\u00a0?<\/h2>\n<h2>Avec\u00a0STJ\u00a0T\u00e9l\u00e9com,\u00a0vous\u00a0avez\u00a0la\u00a0possibilit\u00e9\u00a0:<\/h2>\n<p>\u2022 De\u00a0r\u00e9server\u00a0des\u00a0tranches\u00a0de\u00a02\u00a0\u00e0\u00a0ou\u00a010\u00a0num\u00e9ros\u00a0cons\u00e9cutifs<\/p>\n<p>\u2022De\u00a0choisir\u00a0des\u00a0num\u00e9ros\u00a0g\u00e9ographiques\u00a0(pr\u00e9fixes\u00a0:\u00a0+331,\u00a0+332,\u00a0+333,\u00a0+334,\u00a0 +335)\u00a0ou\u00a0non\u00a0g\u00e9ographiques\u00a0(+339)\u00a0en\u00a0France\u00a0m\u00e9tropolitaine<\/p>\n<p>\u2022D\u2019op\u00e9rer\u00a0un\u00a0renvoi\u00a0d\u2019appel\u00a0vers\u00a0le\u00a0num\u00e9ro\u00a0de\u00a0votre\u00a0choix,\u00a0qu\u2019il\u00a0soit\u00a0fixe,\u00a0mobile\u00a0ou\u00a0num\u00e9ro\u00a0\u00e9tranger<\/p>\n<p>Les\u00a0avantages<\/p>\n<p>\u2022 Aucun\u00a0surco\u00fbt\u00a0depuis\u00a0les\u00a0mobiles<\/p>\n<p>\u2022 Num\u00e9ros\u00a0inclus\u00a0dans\u00a0les\u00a0forfaits\u00a0illimit\u00e9s\u00a0des\u00a0op\u00e9rateurs\u00a0fixes\u00a0et\u00a0mobiles<\/p>\n<p>\u2022 Num\u00e9ros\u00a0joignables\u00a0depuis\u00a0tous\u00a0les\u00a0op\u00e9rateurs\u00a0internationaux<\/p>\n<p>\u00a0<\/p>\n<h3>Terminaisons d&rsquo;appels<\/h3>\n<p>Nos terminaisons d\u2019appel vous permettent de g\u00e9rer facilement et efficacement vos appels en masse. Le forfait trunk SIP permet de rassembler l\u2019ensemble de vos communications t\u00e9l\u00e9phoniques sur un seul compte. Les avantages \u2022 Pr\u00e9sentation du num\u00e9ro de votre choix, y compris du num\u00e9ro de chaque poste de votre syst\u00e8me t\u00e9l\u00e9phonique \u2022 Enregistrement dynamique sur nos serveurs ou reconnaissance par votre adresse IP, si celle-ci est fixe \u2022 Nombre illimit\u00e9 d\u2019appels par compte \u2022 Param\u00e9trage sur mesure \u2022 En option : d\u00e9compte des appels pass\u00e9s par chaque poste de l\u2019entreprise (si le num\u00e9ro est transmis)<\/p>\n<p>\u00a0<\/p>\n<h3>CRM Vicidial<\/h3>\n<p>VICIDIAL est un logiciel libre d\u2019appel pr\u00e9dictif pour centre d\u2019appels. Facile \u00e0 int\u00e9grer, il permet une organisation de centre d\u2019appels facile et rapide avec une num\u00e9rotation automatique. \u2022 Possibilit\u00e9 d\u2019inclure des applications commerciales pr\u00e9-existantes \u2022 Gestion des appels entrants et sortants en mode mixte \u2022 Interface d\u2019administration web \u2022 Capacit\u00e9 de travailler avec des op\u00e9rateurs \u00e0 distance \u2022 fonctionnalit\u00e9 d\u2019enregistrement int\u00e9gral des appels qui favorise le contr\u00f4le qualit\u00e9 \u2022 Appels sortants programm\u00e9s par agent \u2022 Evolutif jusqu\u2019\u00e0 plusieurs centaines d\u2019agents<\/p>\n<p>\u00a0<\/p>\n<h3>NOTRE QUALITE DE SERVICE<\/h3>\n<p>Votre satisfaction s\u2019appuie sur \u2022 la possibilit\u00e9 de tests gratuits \u2022 la garantie de continuit\u00e9 du service \u2022 notre r\u00e9activit\u00e9<\/p>\n<p>\u00a0<\/p>\n<p>\u00a0<\/p>\n<p>\u00a0<\/p>\n\n\n<p><strong><em><mark style=\"background-color:rgba(0, 0, 0, 0)\" class=\"has-inline-color has-vivid-red-color\">Pour plus d&rsquo;informations n&rsquo;h\u00e9sitez-pas a nous appeler au 01 84 76 19 90.<\/mark><\/em><\/strong><\/p>\n","protected":false},"excerpt":{"rendered":"<div class=\"slide-text-bg2\"><span>\u00a0 Votre\u00a0entreprise\u00a0est\u00a0amen\u00e9e\u00a0\u00e0\u00a0t\u00e9l\u00e9phoner\u00a0fr\u00e9quemment\u00a0vers\u00a0l\u2019international\u00a0? Avec\u00a0STJ\u00a0T\u00e9l\u00e9com,\u00a0vous\u00a0avez\u00a0la\u00a0possibilit\u00e9\u00a0: \u2022 D<\/span><\/div>\n<div class=\"slide-btn-area-sm\"><a href=\"https:\/\/stj-telecom.com\/index.php\/nos-services\/\" class=\"slide-btn-sm\">Lire la suite<\/a><\/div>\n","protected":false},"author":3,"featured_media":0,"parent":0,"menu_order":0,"comment_status":"closed","ping_status":"closed","template":"","meta":{"_mi_skip_tracking":false,"footnotes":""},"class_list":["post-28","page","type-page","status-publish","hentry"],"_links":{"self":[{"href":"https:\/\/stj-telecom.com\/index.php\/wp-json\/wp\/v2\/pages\/28","targetHints":{"allow":["GET"]}}],"collection":[{"href":"https:\/\/stj-telecom.com\/index.php\/wp-json\/wp\/v2\/pages"}],"about":[{"href":"https:\/\/stj-telecom.com\/index.php\/wp-json\/wp\/v2\/types\/page"}],"author":[{"embeddable":true,"href":"https:\/\/stj-telecom.com\/index.php\/wp-json\/wp\/v2\/users\/3"}],"replies":[{"embeddable":true,"href":"https:\/\/stj-telecom.com\/index.php\/wp-json\/wp\/v2\/comments?post=28"}],"version-history":[{"count":9,"href":"https:\/\/stj-telecom.com\/index.php\/wp-json\/wp\/v2\/pages\/28\/revisions"}],"predecessor-version":[{"id":667,"href":"https:\/\/stj-telecom.com\/index.php\/wp-json\/wp\/v2\/pages\/28\/revisions\/667"}],"wp:attachment":[{"href":"https:\/\/stj-telecom.com\/index.php\/wp-json\/wp\/v2\/media?parent=28"}],"curies":[{"name":"wp","href":"https:\/\/api.w.org\/{rel}","templated":true}]}}